{"id":1464,"date":"2025-09-12T07:31:05","date_gmt":"2025-09-12T07:31:05","guid":{"rendered":"https:\/\/blackperformance.ca\/?page_id=1464"},"modified":"2025-09-12T08:08:56","modified_gmt":"2025-09-12T08:08:56","slug":"production-form","status":"publish","type":"page","link":"https:\/\/blackperformance.ca\/fr\/production-form\/","title":{"rendered":"Production Form"},"content":{"rendered":"\t\t<div data-elementor-type=\"wp-page\" data-elementor-id=\"1464\" class=\"elementor elementor-1464\" data-elementor-settings=\"{&quot;element_pack_global_tooltip_width&quot;:{&quot;unit&quot;:&quot;px&quot;,&quot;size&quot;:&quot;&quot;,&quot;sizes&quot;:[]},&quot;element_pack_global_tooltip_width_tablet&quot;:{&quot;unit&quot;:&quot;px&quot;,&quot;size&quot;:&quot;&quot;,&quot;sizes&quot;:[]},&quot;element_pack_global_tooltip_width_mobile&quot;:{&quot;unit&quot;:&quot;px&quot;,&quot;size&quot;:&quot;&quot;,&quot;sizes&quot;:[]},&quot;element_pack_global_tooltip_padding&quot;:{&quot;unit&quot;:&quot;px&quot;,&quot;top&quot;:&quot;&quot;,&quot;right&quot;:&quot;&quot;,&quot;bottom&quot;:&quot;&quot;,&quot;left&quot;:&quot;&quot;,&quot;isLinked&quot;:true},&quot;element_pack_global_tooltip_padding_tablet&quot;:{&quot;unit&quot;:&quot;px&quot;,&quot;top&quot;:&quot;&quot;,&quot;right&quot;:&quot;&quot;,&quot;bottom&quot;:&quot;&quot;,&quot;left&quot;:&quot;&quot;,&quot;isLinked&quot;:true},&quot;element_pack_global_tooltip_padding_mobile&quot;:{&quot;unit&quot;:&quot;px&quot;,&quot;top&quot;:&quot;&quot;,&quot;right&quot;:&quot;&quot;,&quot;bottom&quot;:&quot;&quot;,&quot;left&quot;:&quot;&quot;,&quot;isLinked&quot;:true},&quot;element_pack_global_tooltip_border_radius&quot;:{&quot;unit&quot;:&quot;px&quot;,&quot;top&quot;:&quot;&quot;,&quot;right&quot;:&quot;&quot;,&quot;bottom&quot;:&quot;&quot;,&quot;left&quot;:&quot;&quot;,&quot;isLinked&quot;:true},&quot;element_pack_global_tooltip_border_radius_tablet&quot;:{&quot;unit&quot;:&quot;px&quot;,&quot;top&quot;:&quot;&quot;,&quot;right&quot;:&quot;&quot;,&quot;bottom&quot;:&quot;&quot;,&quot;left&quot;:&quot;&quot;,&quot;isLinked&quot;:true},&quot;element_pack_global_tooltip_border_radius_mobile&quot;:{&quot;unit&quot;:&quot;px&quot;,&quot;top&quot;:&quot;&quot;,&quot;right&quot;:&quot;&quot;,&quot;bottom&quot;:&quot;&quot;,&quot;left&quot;:&quot;&quot;,&quot;isLinked&quot;:true}}\" data-elementor-post-type=\"page\">\n\t\t\t\t<div class=\"elementor-element elementor-element-24ec941 e-flex e-con-boxed e-con e-parent\" data-id=\"24ec941\" data-element_type=\"container\" data-e-type=\"container\" data-settings=\"{&quot;background_background&quot;:&quot;classic&quot;}\">\n\t\t\t\t\t<div class=\"e-con-inner\">\n\t\t<div class=\"elementor-element elementor-element-2b35273 e-con-full e-flex e-con e-child\" data-id=\"2b35273\" data-element_type=\"container\" data-e-type=\"container\">\n\t\t\t\t<div class=\"elementor-element elementor-element-771dc85 elementor-widget elementor-widget-heading\" data-id=\"771dc85\" data-element_type=\"widget\" data-e-type=\"widget\" data-widget_type=\"heading.default\">\n\t\t\t\t<div class=\"elementor-widget-container\">\n\t\t\t\t\t<h3 class=\"elementor-heading-title elementor-size-default\">Share your production with the Year of Black Performance! | Partagez votre production avec l\u2019Ann\u00e9e de la performance des Noir.e.s!<\/h3>\t\t\t\t<\/div>\n\t\t\t\t<\/div>\n\t\t\t\t<div class=\"elementor-element elementor-element-57963cc elementor-widget elementor-widget-text-editor\" data-id=\"57963cc\" data-element_type=\"widget\" data-e-type=\"widget\" data-widget_type=\"text-editor.default\">\n\t\t\t\t<div class=\"elementor-widget-container\">\n\t\t\t\t\t\t\t\t\t<p>The Year of Black Performance welcomes productions created by or featuring Black people on stage and behind the scenes. Please provide as many details as possible, and submit photos with dimensions no less than 900 x 900 px. For questions or concerns, please contact us at sfiati@theblackpledge.ca.<\/p><p>&#8211;<br \/><br \/>L\u2019Ann\u00e9e de la performance des Noir.e.s accueille les productions cr\u00e9\u00e9es par ou mettant en vedette des Noir.e.s sur sc\u00e8ne et dans les coulisses. Veuillez fournir autant de d\u00e9tails que possible et soumettre des photos dont les dimensions ne sont pas inf\u00e9rieures \u00e0 900 x 900 pixels. Pour toute question ou pr\u00e9occupation, veuillez nous contacter \u00e0 sfiati@theblackpledge.ca.<\/p>\t\t\t\t\t\t\t\t<\/div>\n\t\t\t\t<\/div>\n\t\t\t\t<div class=\"elementor-element elementor-element-0305ab5 elementor-button-align-stretch elementor-widget elementor-widget-form\" data-id=\"0305ab5\" data-element_type=\"widget\" data-e-type=\"widget\" data-settings=\"{&quot;step_next_label&quot;:&quot;Next&quot;,&quot;step_previous_label&quot;:&quot;Previous&quot;,&quot;button_width&quot;:&quot;100&quot;,&quot;step_type&quot;:&quot;number_text&quot;,&quot;step_icon_shape&quot;:&quot;circle&quot;}\" data-widget_type=\"form.default\">\n\t\t\t\t<div class=\"elementor-widget-container\">\n\t\t\t\t\t\t\t<form class=\"elementor-form\" method=\"post\" name=\"New Form\">\n\t\t\t<input type=\"hidden\" name=\"post_id\" value=\"1464\"\/>\n\t\t\t<input type=\"hidden\" name=\"form_id\" value=\"0305ab5\"\/>\n\t\t\t<input type=\"hidden\" name=\"referer_title\" value=\"\" \/>\n\n\t\t\t\n\t\t\t<div class=\"elementor-form-fields-wrapper elementor-labels-above\">\n\t\t\t\t\t\t\t\t<div class=\"elementor-field-type-text elementor-field-group elementor-column elementor-field-group-name elementor-col-100\">\n\t\t\t\t\t\t\t\t\t\t\t\t<label for=\"form-field-name\" class=\"elementor-field-label\">\n\t\t\t\t\t\t\t\t<span class=\"label\">Name of Production | Nom de la production<\/span>\t\t\t\t\t\t\t<\/label>\n\t\t\t\t\t\t\t\t\t\t\t\t\t\t<input size=\"1\" type=\"text\" name=\"form_fields[name]\" id=\"form-field-name\" class=\"elementor-field elementor-size-sm  elementor-field-textual\">\n\t\t\t\t\t\t\t\t\t\t\t<\/div>\n\t\t\t\t\t\t\t\t<div class=\"elementor-field-type-textarea elementor-field-group elementor-column elementor-field-group-field_5358b61 elementor-col-100\">\n\t\t\t\t\t\t\t\t\t\t\t\t<label for=\"form-field-field_5358b61\" class=\"elementor-field-label\">\n\t\t\t\t\t\t\t\t<div>   <span class=\"label\">Company Information | Informations sur la compagnie<\/span><br>   <span class=\"label-description\">Please list producing and presenting companies or partnerships. | Veuillez \u00e9num\u00e9rer les compagnies de productions et de pr\u00e9sentation ou les partenariats.<\/span> <\/div>\t\t\t\t\t\t\t<\/label>\n\t\t\t\t\t\t<textarea class=\"elementor-field-textual elementor-field  elementor-size-sm\" name=\"form_fields[field_5358b61]\" id=\"form-field-field_5358b61\" rows=\"2\"><\/textarea>\t\t\t\t<\/div>\n\t\t\t\t\t\t\t\t<div class=\"elementor-field-type-textarea elementor-field-group elementor-column elementor-field-group-field_e2dbc65 elementor-col-100\">\n\t\t\t\t\t\t\t\t\t\t\t\t<label for=\"form-field-field_e2dbc65\" class=\"elementor-field-label\">\n\t\t\t\t\t\t\t\t<div>   <span class=\"label\">Show Description | Description du spectacle<\/span><br>   <span class=\"label-description\">Include ratings and reviews if applicable. | Incluez les \u00e9valuations et les critiques, le cas \u00e9ch\u00e9ant.<\/span> <\/div>\t\t\t\t\t\t\t<\/label>\n\t\t\t\t\t\t<textarea class=\"elementor-field-textual elementor-field  elementor-size-sm\" name=\"form_fields[field_e2dbc65]\" id=\"form-field-field_e2dbc65\" rows=\"2\"><\/textarea>\t\t\t\t<\/div>\n\t\t\t\t\t\t\t\t<div class=\"elementor-field-type-text elementor-field-group elementor-column elementor-field-group-field_b58f9b7 elementor-col-100\">\n\t\t\t\t\t\t\t\t\t\t\t\t<label for=\"form-field-field_b58f9b7\" class=\"elementor-field-label\">\n\t\t\t\t\t\t\t\t<div>   <span class=\"label\">Venue Name and Address | Nom et adresse du lieu de la performance<\/span><br>   <span class=\"label-description\">Ex. Factory Theatre - 125 Bathurst St, Toronto, ON M5V 2R2<\/span> <\/div>\t\t\t\t\t\t\t<\/label>\n\t\t\t\t\t\t\t\t\t\t\t\t\t\t<input size=\"1\" type=\"text\" name=\"form_fields[field_b58f9b7]\" id=\"form-field-field_b58f9b7\" class=\"elementor-field elementor-size-sm  elementor-field-textual\">\n\t\t\t\t\t\t\t\t\t\t\t<\/div>\n\t\t\t\t\t\t\t\t<div class=\"elementor-field-type-text elementor-field-group elementor-column elementor-field-group-field_f607e32 elementor-col-100\">\n\t\t\t\t\t\t\t\t\t\t\t\t<label for=\"form-field-field_f607e32\" class=\"elementor-field-label\">\n\t\t\t\t\t\t\t\t<span class=\"label\">Production URL | Adresse URL de la production<\/span>\t\t\t\t\t\t\t<\/label>\n\t\t\t\t\t\t\t\t\t\t\t\t\t\t<input size=\"1\" type=\"text\" name=\"form_fields[field_f607e32]\" id=\"form-field-field_f607e32\" class=\"elementor-field elementor-size-sm  elementor-field-textual\">\n\t\t\t\t\t\t\t\t\t\t\t<\/div>\n\t\t\t\t\t\t\t\t<div class=\"elementor-field-type-textarea elementor-field-group elementor-column elementor-field-group-field_5d8fdef elementor-col-100\">\n\t\t\t\t\t\t\t\t\t\t\t\t<label for=\"form-field-field_5d8fdef\" class=\"elementor-field-label\">\n\t\t\t\t\t\t\t\t<div>   <span class=\"label\">Cast and Crew | Distribution et \u00e9quipe<\/span><br>   <span class=\"label-description\">List all credits including writer, director, producer, cast, crew, administrative team etc. | \u00c9num\u00e9rez tous les cr\u00e9dits, y compris le.la sc\u00e9nariste, le.la metteur.euse en sc\u00e8ne, le.la producteur.trice, les acteurs.trices, l'\u00e9quipe, l'\u00e9quipe administrative, etc.<\/span> <\/div>\t\t\t\t\t\t\t<\/label>\n\t\t\t\t\t\t<textarea class=\"elementor-field-textual elementor-field  elementor-size-sm\" name=\"form_fields[field_5d8fdef]\" id=\"form-field-field_5d8fdef\" rows=\"2\"><\/textarea>\t\t\t\t<\/div>\n\t\t\t\t\t\t\t\t<div class=\"elementor-field-type-textarea elementor-field-group elementor-column elementor-field-group-field_7b24ffa elementor-col-100\">\n\t\t\t\t\t\t\t\t\t\t\t\t<label for=\"form-field-field_7b24ffa\" class=\"elementor-field-label\">\n\t\t\t\t\t\t\t\t<div>   <span class=\"label\">List the Black artists and arts workers involved in this show. | \u00c9num\u00e9rez les artistes et travailleurs.euses des arts noir.e.s impliqu\u00e9.e.s dans ce spectacle.<\/span><br>   <span class=\"label-description\">We'd love to highlight and celebrate the Black creatives who helped make this work possible! | Nous serions ravi.e.s de mettre en valeur et de c\u00e9l\u00e9brer les cr\u00e9atifs.ives noir.e.s qui ont contribu\u00e9 \u00e0 rendre ce travail possible!<\/span> <\/div>\t\t\t\t\t\t\t<\/label>\n\t\t\t\t\t\t<textarea class=\"elementor-field-textual elementor-field  elementor-size-sm\" name=\"form_fields[field_7b24ffa]\" id=\"form-field-field_7b24ffa\" rows=\"2\"><\/textarea>\t\t\t\t<\/div>\n\t\t\t\t\t\t\t\t<div class=\"elementor-field-type-date elementor-field-group elementor-column elementor-field-group-field_8ee0fdf elementor-col-100\">\n\t\t\t\t\t\t\t\t\t\t\t\t<label for=\"form-field-field_8ee0fdf\" class=\"elementor-field-label\">\n\t\t\t\t\t\t\t\t<span class=\"label\">Production Start Date | Date de d\u00e9but de production<\/span><br>\t\t\t\t\t\t\t<\/label>\n\t\t\t\t\t\t\n\t\t<input type=\"date\" name=\"form_fields[field_8ee0fdf]\" id=\"form-field-field_8ee0fdf\" class=\"elementor-field elementor-size-sm  elementor-field-textual elementor-date-field elementor-use-native\" pattern=\"[0-9]{4}-[0-9]{2}-[0-9]{2}\">\n\t\t\t\t\t\t<\/div>\n\t\t\t\t\t\t\t\t<div class=\"elementor-field-type-date elementor-field-group elementor-column elementor-field-group-field_1c27c27 elementor-col-100\">\n\t\t\t\t\t\t\t\t\t\t\t\t<label for=\"form-field-field_1c27c27\" class=\"elementor-field-label\">\n\t\t\t\t\t\t\t\t<span class=\"label\">Production End Date | Date de fin de production <\/span><br>\t\t\t\t\t\t\t<\/label>\n\t\t\t\t\t\t\n\t\t<input type=\"date\" name=\"form_fields[field_1c27c27]\" id=\"form-field-field_1c27c27\" class=\"elementor-field elementor-size-sm  elementor-field-textual elementor-date-field elementor-use-native\" pattern=\"[0-9]{4}-[0-9]{2}-[0-9]{2}\">\n\t\t\t\t\t\t<\/div>\n\t\t\t\t\t\t\t\t<div class=\"elementor-field-type-textarea elementor-field-group elementor-column elementor-field-group-field_8ca3907 elementor-col-100\">\n\t\t\t\t\t\t\t\t\t\t\t\t<label for=\"form-field-field_8ca3907\" class=\"elementor-field-label\">\n\t\t\t\t\t\t\t\tTicket Prices | Prix \u200b\u200bdes billets  Please indicate PWYC or tiers for sliding scale if applicable. | Veuillez indiquer \u00ab payez ce que vous pouvez \u00bb ou les niveaux d'\u00e9chelle de prix mobile, le cas \u00e9ch\u00e9ant.\t\t\t\t\t\t\t<\/label>\n\t\t\t\t\t\t<textarea class=\"elementor-field-textual elementor-field  elementor-size-sm\" name=\"form_fields[field_8ca3907]\" id=\"form-field-field_8ca3907\" rows=\"2\"><\/textarea>\t\t\t\t<\/div>\n\t\t\t\t\t\t\t\t<div class=\"elementor-field-type-upload elementor-field-group elementor-column elementor-field-group-field_0226b6d elementor-col-100\">\n\t\t\t\t\t\t\t\t\t\t\t\t<label for=\"form-field-field_0226b6d\" class=\"elementor-field-label\">\n\t\t\t\t\t\t\t\t<div>   <span class=\"label\">Featured Image | Image en vedette<\/span><br>   <span class=\"label-description\">Please include the photographer's name in the file name or in the Cast and Crew section if applicable. | Veuillez inclure le nom du.de la photographe dans le nom du fichier ou dans la section Distribution et \u00e9quipe, le cas \u00e9ch\u00e9ant.<\/span> <\/div>\t\t\t\t\t\t\t<\/label>\n\t\t\t\t\t\t\t\t<input type=\"file\" name=\"form_fields[field_0226b6d]\" id=\"form-field-field_0226b6d\" class=\"elementor-field elementor-size-sm  elementor-upload-field\">\n\n\t\t\t\t\t\t<\/div>\n\t\t\t\t\t\t\t\t<div class=\"elementor-field-type-checkbox elementor-field-group elementor-column elementor-field-group-field_d612a2b elementor-col-100\">\n\t\t\t\t\t\t\t\t\t\t\t\t<label for=\"form-field-field_d612a2b\" class=\"elementor-field-label\">\n\t\t\t\t\t\t\t\t<span class=\"label\">Accessibility Accommodations | Am\u00e9nagements en mati\u00e8re d'accessibilit\u00e9<\/span>\t\t\t\t\t\t\t<\/label>\n\t\t\t\t\t\t<div class=\"elementor-field-subgroup  \"><span class=\"elementor-field-option\"><input type=\"checkbox\" value=\" ASL\" id=\"form-field-field_d612a2b-0\" name=\"form_fields[field_d612a2b][]\"> <label for=\"form-field-field_d612a2b-0\">ASL <\/label><\/span><span class=\"elementor-field-option\"><input type=\"checkbox\" value=\" Lieu physiquement accessible\" id=\"form-field-field_d612a2b-1\" name=\"form_fields[field_d612a2b][]\"> <label for=\"form-field-field_d612a2b-1\">Physically Accessible Venue <\/label><\/span><span class=\"elementor-field-option\"><input type=\"checkbox\" value=\" Sous-titrage\" id=\"form-field-field_d612a2b-2\" name=\"form_fields[field_d612a2b][]\"> <label for=\"form-field-field_d612a2b-2\">Captioning <\/label><\/span><span class=\"elementor-field-option\"><input type=\"checkbox\" value=\" D\u00e9crire la vid\u00e9o\" id=\"form-field-field_d612a2b-3\" name=\"form_fields[field_d612a2b][]\"> <label for=\"form-field-field_d612a2b-3\">Describe Video <\/label><\/span><span class=\"elementor-field-option\"><input type=\"checkbox\" value=\" Garde d&#039;enfants\" id=\"form-field-field_d612a2b-4\" name=\"form_fields[field_d612a2b][]\"> <label for=\"form-field-field_d612a2b-4\">Child-minding <\/label><\/span><span class=\"elementor-field-option\"><input type=\"checkbox\" value=\" Mesures de pr\u00e9caution COVID\" id=\"form-field-field_d612a2b-5\" name=\"form_fields[field_d612a2b][]\"> <label for=\"form-field-field_d612a2b-5\">COVID Conscious <\/label><\/span><span class=\"elementor-field-option\"><input type=\"checkbox\" value=\" Performances d\u00e9tendues\" id=\"form-field-field_d612a2b-6\" name=\"form_fields[field_d612a2b][]\"> <label for=\"form-field-field_d612a2b-6\">Relaxed Performances <\/label><\/span><\/div>\t\t\t\t<\/div>\n\t\t\t\t\t\t\t\t<div class=\"elementor-field-type-checkbox elementor-field-group elementor-column elementor-field-group-field_d177ea0 elementor-col-100\">\n\t\t\t\t\t\t\t\t\t\t\t\t<label for=\"form-field-field_d177ea0\" class=\"elementor-field-label\">\n\t\t\t\t\t\t\t\t<div>   <span class=\"label\">Type of Production | Type de production<\/span><br>   <span class=\"label-description\">Select all that apply. These categories help audiences find the experience that's right for them. | S\u00e9lectionnez toutes les r\u00e9ponses qui s'appliquent. Ces cat\u00e9gories aident le public \u00e0 trouver les exp\u00e9riences qui lui conviennent.<\/span> <\/div>\t\t\t\t\t\t\t<\/label>\n\t\t\t\t\t\t<div class=\"elementor-field-subgroup  \"><span class=\"elementor-field-option\"><input type=\"checkbox\" value=\" Th\u00e9\u00e2tre\" id=\"form-field-field_d177ea0-0\" name=\"form_fields[field_d177ea0][]\"> <label for=\"form-field-field_d177ea0-0\">Theatre <\/label><\/span><span class=\"elementor-field-option\"><input type=\"checkbox\" value=\" Op\u00e9ra\" id=\"form-field-field_d177ea0-1\" name=\"form_fields[field_d177ea0][]\"> <label for=\"form-field-field_d177ea0-1\">Opera <\/label><\/span><span class=\"elementor-field-option\"><input type=\"checkbox\" value=\" Musique\" id=\"form-field-field_d177ea0-2\" name=\"form_fields[field_d177ea0][]\"> <label for=\"form-field-field_d177ea0-2\">Music <\/label><\/span><span class=\"elementor-field-option\"><input type=\"checkbox\" value=\" Danse\" id=\"form-field-field_d177ea0-3\" name=\"form_fields[field_d177ea0][]\"> <label for=\"form-field-field_d177ea0-3\">Dance <\/label><\/span><span class=\"elementor-field-option\"><input type=\"checkbox\" value=\" Film\" id=\"form-field-field_d177ea0-4\" name=\"form_fields[field_d177ea0][]\"> <label for=\"form-field-field_d177ea0-4\">Film <\/label><\/span><span class=\"elementor-field-option\"><input type=\"checkbox\" value=\" Art vivant\" id=\"form-field-field_d177ea0-5\" name=\"form_fields[field_d177ea0][]\"> <label for=\"form-field-field_d177ea0-5\">Live Art <\/label><\/span><\/div>\t\t\t\t<\/div>\n\t\t\t\t\t\t\t\t<div class=\"elementor-field-group elementor-column elementor-field-type-submit elementor-col-100 e-form__buttons\">\n\t\t\t\t\t<button class=\"elementor-button elementor-size-sm\" type=\"submit\">\n\t\t\t\t\t\t<span class=\"elementor-button-content-wrapper\">\n\t\t\t\t\t\t\t\t\t\t\t\t\t\t\t\t\t\t\t\t\t\t<span class=\"elementor-button-text\">Submit<\/span>\n\t\t\t\t\t\t\t\t\t\t\t\t\t<\/span>\n\t\t\t\t\t<\/button>\n\t\t\t\t<\/div>\n\t\t\t<\/div>\n\t\t<\/form>\n\t\t\t\t\t\t<\/div>\n\t\t\t\t<\/div>\n\t\t\t\t<\/div>\n\t\t\t\t\t<\/div>\n\t\t\t\t<\/div>\n\t\t\t\t<\/div>\n\t\t","protected":false},"excerpt":{"rendered":"<p>Share your production with the Year of Black Performance! | Partagez votre production avec l\u2019Ann\u00e9e de la performance des Noir.e.s! The Year [&hellip;]<\/p>\n","protected":false},"author":253721379,"featured_media":0,"parent":0,"menu_order":0,"comment_status":"closed","ping_status":"closed","template":"","meta":{"_acf_changed":false,"advanced_seo_description":"","jetpack_seo_html_title":"","jetpack_seo_noindex":false,"jetpack_post_was_ever_published":false,"footnotes":""},"class_list":["post-1464","page","type-page","status-publish","hentry"],"acf":[],"jetpack_likes_enabled":true,"jetpack_sharing_enabled":true,"jetpack_shortlink":"https:\/\/wp.me\/PfWbRu-nC","jetpack-related-posts":[],"_links":{"self":[{"href":"https:\/\/blackperformance.ca\/fr\/wp-json\/wp\/v2\/pages\/1464","targetHints":{"allow":["GET"]}}],"collection":[{"href":"https:\/\/blackperformance.ca\/fr\/wp-json\/wp\/v2\/pages"}],"about":[{"href":"https:\/\/blackperformance.ca\/fr\/wp-json\/wp\/v2\/types\/page"}],"author":[{"embeddable":true,"href":"https:\/\/blackperformance.ca\/fr\/wp-json\/wp\/v2\/users\/253721379"}],"replies":[{"embeddable":true,"href":"https:\/\/blackperformance.ca\/fr\/wp-json\/wp\/v2\/comments?post=1464"}],"version-history":[{"count":85,"href":"https:\/\/blackperformance.ca\/fr\/wp-json\/wp\/v2\/pages\/1464\/revisions"}],"predecessor-version":[{"id":1553,"href":"https:\/\/blackperformance.ca\/fr\/wp-json\/wp\/v2\/pages\/1464\/revisions\/1553"}],"wp:attachment":[{"href":"https:\/\/blackperformance.ca\/fr\/wp-json\/wp\/v2\/media?parent=1464"}],"curies":[{"name":"wp","href":"https:\/\/api.w.org\/{rel}","templated":true}]}}